{"id":22,"date":"2025-07-13T16:35:05","date_gmt":"2025-07-13T14:35:05","guid":{"rendered":"https:\/\/informateas.com.py\/?page_id=22"},"modified":"2025-07-14T13:46:01","modified_gmt":"2025-07-14T11:46:01","slug":"caracteristicas-sistema-empresa","status":"publish","type":"page","link":"https:\/\/informateas.com.py\/index.php\/caracteristicas-sistema-empresa\/","title":{"rendered":"Caracter\u00edsticas Sistema Empresa"},"content":{"rendered":"<p>[et_pb_section fb_built=\u00bb1&#8243; _builder_version=\u00bb4.27.4&#8243; _module_preset=\u00bbdefault\u00bb background_color=\u00bb#ffffff\u00bb custom_padding=\u00bb10px||10px||true|false\u00bb global_colors_info=\u00bb{}\u00bb][et_pb_row column_structure=\u00bb1_2,1_2&#8243; use_custom_gutter=\u00bbon\u00bb gutter_width=\u00bb2&#8243; make_equal=\u00bbon\u00bb _builder_version=\u00bb4.27.4&#8243; _module_preset=\u00bbdefault\u00bb width=\u00bb100%\u00bb max_width=\u00bb1200px\u00bb custom_css_main_element=\u00bbalign-items: center;\u00bb global_colors_info=\u00bb{}\u00bb][et_pb_column type=\u00bb1_2&#8243; _builder_version=\u00bb4.27.4&#8243; _module_preset=\u00bbdefault\u00bb global_colors_info=\u00bb{}\u00bb][et_pb_text _builder_version=\u00bb4.27.4&#8243; _module_preset=\u00bbdefault\u00bb global_colors_info=\u00bb{}\u00bb]<\/p>\n<div class=\"headline\">\n<h2 class=\"heading\" style=\"font-weight: 400;\">Conozca algunas de nuestras funcionalidades<\/h2>\n<\/div>\n<p>[\/et_pb_text][et_pb_text _builder_version=\u00bb4.27.4&#8243; _module_preset=\u00bbdefault\u00bb hover_enabled=\u00bb0&#8243; global_colors_info=\u00bb{}\u00bb text_text_color=\u00bb#000000&#8243; sticky_enabled=\u00bb0&#8243;]<\/p>\n<p>Compruebe algunas de las caracter\u00edsticas del <strong>Sistema Empresa<\/strong> y vea c\u00f3mo se puede <strong>ahorrar tiempo<\/strong> y <strong>entregar informes de intranet o internet ricas<\/strong> en minutos.<\/p>\n<p>[\/et_pb_text][\/et_pb_column][et_pb_column type=\u00bb1_2&#8243; _builder_version=\u00bb4.27.4&#8243; _module_preset=\u00bbdefault\u00bb global_colors_info=\u00bb{}\u00bb][et_pb_blurb title=\u00bbAgenda una demostraci\u00f3n privada\u00bb url=\u00bbhttps:\/\/wa.me\/595987307397&#8243; image=\u00bbhttps:\/\/miweb.com.py\/wp-content\/uploads\/2025\/01\/demo.svg\u00bb icon_placement=\u00bbleft\u00bb image_icon_width=\u00bb120px\u00bb _builder_version=\u00bb4.27.4&#8243; _module_preset=\u00bbdefault\u00bb background_color=\u00bb#f8f9fa\u00bb custom_padding=\u00bb20px|5px|20px|5px|true|true\u00bb link_option_url=\u00bbhttps:\/\/wa.me\/595987307397&#8243; border_radii=\u00bbon|7px|7px|7px|7px\u00bb border_width_all=\u00bb1px\u00bb border_color_all=\u00bb#B3B3B3&#8243; global_colors_info=\u00bb{}\u00bb transform_styles__hover_enabled=\u00bbon|hover\u00bb transform_scale__hover_enabled=\u00bbon|hover\u00bb transform_translate__hover_enabled=\u00bbon|desktop\u00bb transform_rotate__hover_enabled=\u00bbon|desktop\u00bb transform_skew__hover_enabled=\u00bbon|desktop\u00bb transform_origin__hover_enabled=\u00bbon|desktop\u00bb transform_scale__hover=\u00bb103%|103%\u00bb]<\/p>\n<p>A traves de una reuni\u00f3n provada responderemos todas tus preguntas referente a las capacidades del sistema y como puede ayudarte.<\/p>\n<p>[\/et_pb_blurb][\/et_pb_column][\/et_pb_row][\/et_pb_section][et_pb_section fb_built=\u00bb1&#8243; _builder_version=\u00bb4.27.4&#8243; _module_preset=\u00bbdefault\u00bb custom_padding=\u00bb0px||||false|false\u00bb global_colors_info=\u00bb{}\u00bb][et_pb_row _builder_version=\u00bb4.27.4&#8243; _module_preset=\u00bbdefault\u00bb global_colors_info=\u00bb{}\u00bb][et_pb_column type=\u00bb4_4&#8243; _builder_version=\u00bb4.27.4&#8243; _module_preset=\u00bbdefault\u00bb global_colors_info=\u00bb{}\u00bb][et_pb_text _builder_version=\u00bb4.27.4&#8243; _module_preset=\u00bbdefault\u00bb text_orientation=\u00bbcenter\u00bb custom_margin=\u00bb||19px|||\u00bb global_colors_info=\u00bb{}\u00bb]<\/p>\n<h2>Tu sistema de gesti\u00f3n integral en la nube<\/h2>\n<p>[\/et_pb_text][et_pb_text _builder_version=\u00bb4.27.4&#8243; _module_preset=\u00bbdefault\u00bb text_font_size=\u00bb17px\u00bb text_orientation=\u00bbcenter\u00bb custom_margin=\u00bb-20px||||false|false\u00bb hover_enabled=\u00bb0&#8243; global_colors_info=\u00bb{}\u00bb text_text_color=\u00bb#000000&#8243; sticky_enabled=\u00bb0&#8243;]<\/p>\n<p>Automatiz\u00e1 tus procesos, control\u00e1 tu negocio y acced\u00e9 desde cualquier lugar. El ERP m\u00e1s completo para empresas paraguayas.<\/p>\n<p>[\/et_pb_text][\/et_pb_column][\/et_pb_row][et_pb_row _builder_version=\u00bb4.27.4&#8243; _module_preset=\u00bbdefault\u00bb global_colors_info=\u00bb{}\u00bb][et_pb_column type=\u00bb4_4&#8243; _builder_version=\u00bb4.27.4&#8243; _module_preset=\u00bbdefault\u00bb global_colors_info=\u00bb{}\u00bb][et_pb_text _builder_version=\u00bb4.27.4&#8243; _module_preset=\u00bbdefault\u00bb text_font_size=\u00bb20px\u00bb text_orientation=\u00bbcenter\u00bb custom_margin=\u00bb-30px||15px||false|false\u00bb global_colors_info=\u00bb{}\u00bb]<\/p>\n<h2>Todo lo que tu negocio necesita, en un solo sistema<\/h2>\n<p>[\/et_pb_text][et_pb_text _builder_version=\u00bb4.27.4&#8243; _module_preset=\u00bbdefault\u00bb text_text_color=\u00bb#000000&#8243; text_font_size=\u00bb18px\u00bb text_orientation=\u00bbcenter\u00bb custom_margin=\u00bb-14px||||false|false\u00bb global_colors_info=\u00bb{}\u00bb]<\/p>\n<p>Todo lo que tu negocio necesita, en un solo sistema<\/p>\n<p>[\/et_pb_text][\/et_pb_column][\/et_pb_row][et_pb_row column_structure=\u00bb1_4,1_4,1_4,1_4&#8243; _builder_version=\u00bb4.27.4&#8243; _module_preset=\u00bbdefault\u00bb global_colors_info=\u00bb{}\u00bb][et_pb_column type=\u00bb1_4&#8243; _builder_version=\u00bb4.27.4&#8243; _module_preset=\u00bbdefault\u00bb global_colors_info=\u00bb{}\u00bb][et_pb_blurb title=\u00bbCompras\u00bb use_icon=\u00bbon\u00bb font_icon=\u00bb&#xe0f3;||divi||400&#8243; icon_color=\u00bbgcid-d29099af-0515-4144-b686-903307d66fcc\u00bb image_icon_width=\u00bb60px\u00bb _builder_version=\u00bb4.27.4&#8243; _module_preset=\u00bbdefault\u00bb header_text_align=\u00bbcenter\u00bb body_text_align=\u00bbcenter\u00bb global_colors_info=\u00bb{%22gcid-d29099af-0515-4144-b686-903307d66fcc%22:%91%22icon_color%22%93}\u00bb]<\/p>\n<p>Ordenes a proveedores, control de gastos, cuentas por pagar, recepci\u00f3n de productos.<\/p>\n<p>[\/et_pb_blurb][\/et_pb_column][et_pb_column type=\u00bb1_4&#8243; _builder_version=\u00bb4.27.4&#8243; _module_preset=\u00bbdefault\u00bb global_colors_info=\u00bb{}\u00bb][et_pb_blurb title=\u00bbVentas\u00bb use_icon=\u00bbon\u00bb font_icon=\u00bb&#xf788;||fa||900&#8243; icon_color=\u00bbgcid-d29099af-0515-4144-b686-903307d66fcc\u00bb image_icon_width=\u00bb60px\u00bb _builder_version=\u00bb4.27.4&#8243; _module_preset=\u00bbdefault\u00bb header_text_align=\u00bbcenter\u00bb body_text_align=\u00bbcenter\u00bb global_colors_info=\u00bb{%22gcid-d29099af-0515-4144-b686-903307d66fcc%22:%91%22icon_color%22%93}\u00bb]<\/p>\n<p data-start=\"889\" data-end=\"978\">Facturaci\u00f3n r\u00e1pida, remitos autom\u00e1ticos, gesti\u00f3n de cuentas por cobrar, historial de clientes.<\/p>\n<p data-start=\"889\" data-end=\"978\">[\/et_pb_blurb][\/et_pb_column][et_pb_column type=\u00bb1_4&#8243; _builder_version=\u00bb4.27.4&#8243; _module_preset=\u00bbdefault\u00bb global_colors_info=\u00bb{}\u00bb][et_pb_blurb title=\u00bbInventario \/ Stock\u00bb use_icon=\u00bbon\u00bb font_icon=\u00bb&#xe0e6;||divi||400&#8243; icon_color=\u00bbgcid-d29099af-0515-4144-b686-903307d66fcc\u00bb image_icon_width=\u00bb60px\u00bb _builder_version=\u00bb4.27.4&#8243; _module_preset=\u00bbdefault\u00bb header_text_align=\u00bbcenter\u00bb body_text_align=\u00bbcenter\u00bb global_colors_info=\u00bb{%22gcid-d29099af-0515-4144-b686-903307d66fcc%22:%91%22icon_color%22%93}\u00bb]<\/p>\n<p>Control en tiempo real, alertas de stock m\u00ednimo, movimientos, c\u00f3digos de barras.<\/p>\n<p>[\/et_pb_blurb][\/et_pb_column][et_pb_column type=\u00bb1_4&#8243; _builder_version=\u00bb4.27.4&#8243; _module_preset=\u00bbdefault\u00bb global_colors_info=\u00bb{}\u00bb][et_pb_blurb title=\u00bbFinanzas\u00bb use_icon=\u00bbon\u00bb font_icon=\u00bb&#xf51e;||fa||900&#8243; icon_color=\u00bbgcid-d29099af-0515-4144-b686-903307d66fcc\u00bb image_icon_width=\u00bb60px\u00bb _builder_version=\u00bb4.27.4&#8243; _module_preset=\u00bbdefault\u00bb header_text_align=\u00bbcenter\u00bb body_text_align=\u00bbcenter\u00bb global_colors_info=\u00bb{%22gcid-d29099af-0515-4144-b686-903307d66fcc%22:%91%22icon_color%22%93}\u00bb]<\/p>\n<p>Flujo de caja, bancos, conciliaciones, reportes financieros.<\/p>\n<p>[\/et_pb_blurb][\/et_pb_column][\/et_pb_row][et_pb_row column_structure=\u00bb1_4,1_4,1_4,1_4&#8243; _builder_version=\u00bb4.27.4&#8243; _module_preset=\u00bbdefault\u00bb global_colors_info=\u00bb{}\u00bb][et_pb_column type=\u00bb1_4&#8243; _builder_version=\u00bb4.27.4&#8243; _module_preset=\u00bbdefault\u00bb global_colors_info=\u00bb{}\u00bb][et_pb_blurb title=\u00bbRecursos Humanos\u00bb use_icon=\u00bbon\u00bb font_icon=\u00bb&#xf0c0;||fa||900&#8243; icon_color=\u00bbgcid-d29099af-0515-4144-b686-903307d66fcc\u00bb image_icon_width=\u00bb60px\u00bb _builder_version=\u00bb4.27.4&#8243; _module_preset=\u00bbdefault\u00bb header_text_align=\u00bbcenter\u00bb body_text_align=\u00bbcenter\u00bb global_colors_info=\u00bb{%22gcid-d29099af-0515-4144-b686-903307d66fcc%22:%91%22icon_color%22%93}\u00bb]<\/p>\n<p>Liquidaci\u00f3n de sueldos, legajos de personal, licencias, horas trabajadas.<\/p>\n<p>[\/et_pb_blurb][\/et_pb_column][et_pb_column type=\u00bb1_4&#8243; _builder_version=\u00bb4.27.4&#8243; _module_preset=\u00bbdefault\u00bb global_colors_info=\u00bb{}\u00bb][et_pb_blurb title=\u00bbFacturaci\u00f3n electr\u00f3nica\u00bb use_icon=\u00bbon\u00bb font_icon=\u00bb&#xf3cd;||fa||900&#8243; icon_color=\u00bbgcid-d29099af-0515-4144-b686-903307d66fcc\u00bb image_icon_width=\u00bb60px\u00bb _builder_version=\u00bb4.27.4&#8243; _module_preset=\u00bbdefault\u00bb header_text_align=\u00bbcenter\u00bb body_text_align=\u00bbcenter\u00bb global_colors_info=\u00bb{%22gcid-d29099af-0515-4144-b686-903307d66fcc%22:%91%22icon_color%22%93}\u00bb]<\/p>\n<p data-start=\"1347\" data-end=\"1435\">100% validado por SET Paraguay. Emit\u00ed tus facturas electr\u00f3nicas sin complicaciones.<\/p>\n<p data-start=\"889\" data-end=\"978\">[\/et_pb_blurb][\/et_pb_column][et_pb_column type=\u00bb1_4&#8243; _builder_version=\u00bb4.27.4&#8243; _module_preset=\u00bbdefault\u00bb global_colors_info=\u00bb{}\u00bb][et_pb_blurb title=\u00bbIntegraci\u00f3n con WooCommerce\u00bb use_icon=\u00bbon\u00bb font_icon=\u00bb&#xf266;||fa||400&#8243; icon_color=\u00bbgcid-d29099af-0515-4144-b686-903307d66fcc\u00bb image_icon_width=\u00bb60px\u00bb _builder_version=\u00bb4.27.4&#8243; _module_preset=\u00bbdefault\u00bb header_text_align=\u00bbcenter\u00bb header_line_height=\u00bb1.1em\u00bb body_text_align=\u00bbcenter\u00bb global_colors_info=\u00bb{%22gcid-d29099af-0515-4144-b686-903307d66fcc%22:%91%22icon_color%22%93}\u00bb]<\/p>\n<p data-start=\"1481\" data-end=\"1574\">Sincronizaci\u00f3n autom\u00e1tica con tu tienda online. Stock, ventas y clientes siempre al d\u00eda.<\/p>\n<p>[\/et_pb_blurb][\/et_pb_column][et_pb_column type=\u00bb1_4&#8243; _builder_version=\u00bb4.27.4&#8243; _module_preset=\u00bbdefault\u00bb global_colors_info=\u00bb{}\u00bb][et_pb_blurb title=\u00bbReportes y estad\u00edsticas\u00bb use_icon=\u00bbon\u00bb font_icon=\u00bb&#xe0f0;||divi||400&#8243; icon_color=\u00bbgcid-d29099af-0515-4144-b686-903307d66fcc\u00bb image_icon_width=\u00bb60px\u00bb _builder_version=\u00bb4.27.4&#8243; _module_preset=\u00bbdefault\u00bb header_text_align=\u00bbcenter\u00bb body_text_align=\u00bbcenter\u00bb global_colors_info=\u00bb{%22gcid-d29099af-0515-4144-b686-903307d66fcc%22:%91%22icon_color%22%93}\u00bb]<\/p>\n<p data-start=\"1616\" data-end=\"1689\">Informes din\u00e1micos, gr\u00e1ficos comparativos y an\u00e1lisis personalizados.<\/p>\n<p>[\/et_pb_blurb][\/et_pb_column][\/et_pb_row][\/et_pb_section][et_pb_section fb_built=\u00bb1&#8243; _builder_version=\u00bb4.27.4&#8243; _module_preset=\u00bbdefault\u00bb custom_padding=\u00bb0px||||false|false\u00bb global_colors_info=\u00bb{}\u00bb][et_pb_row _builder_version=\u00bb4.27.4&#8243; _module_preset=\u00bbdefault\u00bb global_colors_info=\u00bb{}\u00bb][et_pb_column type=\u00bb4_4&#8243; _builder_version=\u00bb4.27.4&#8243; _module_preset=\u00bbdefault\u00bb global_colors_info=\u00bb{}\u00bb][et_pb_text _builder_version=\u00bb4.27.4&#8243; _module_preset=\u00bbdefault\u00bb text_font_size=\u00bb20px\u00bb text_orientation=\u00bbcenter\u00bb custom_margin=\u00bb||15px|||\u00bb global_colors_info=\u00bb{}\u00bb]<\/p>\n<h2>Preguntas frecuentes<\/h2>\n<p>[\/et_pb_text][et_pb_accordion _builder_version=\u00bb4.27.4&#8243; _module_preset=\u00bbdefault\u00bb global_colors_info=\u00bb{}\u00bb][et_pb_accordion_item title=\u00bb\u00bfFunciona en celulares?\u00bb open=\u00bbon\u00bb _builder_version=\u00bb4.27.4&#8243; _module_preset=\u00bbdefault\u00bb global_colors_info=\u00bb{}\u00bb]<\/p>\n<p data-start=\"2985\" data-end=\"3099\">S\u00ed, pod\u00e9s acceder desde cualquier navegador, tanto en PC como en celular o tablet.<\/p>\n<p>[\/et_pb_accordion_item][et_pb_accordion_item title=\u00bb\u00bfQu\u00e9 necesito para usarlo?\u00bb _builder_version=\u00bb4.27.4&#8243; _module_preset=\u00bbdefault\u00bb global_colors_info=\u00bb{}\u00bb toggle_text_color=\u00bb#000000&#8243; open=\u00bboff\u00bb]<\/p>\n<p>Solo conexi\u00f3n a internet. Todo est\u00e1 en la nube.<\/p>\n<p>[\/et_pb_accordion_item][et_pb_accordion_item title=\u00bb\u00bfPuedo facturar electr\u00f3nicamente?\u00bb _builder_version=\u00bb4.27.4&#8243; _module_preset=\u00bbdefault\u00bb global_colors_info=\u00bb{}\u00bb toggle_text_color=\u00bb#000000&#8243; open=\u00bboff\u00bb]<\/p>\n<p data-start=\"3189\" data-end=\"3271\">S\u00ed, el sistema est\u00e1 validado por la SET<\/p>\n<p>[\/et_pb_accordion_item][et_pb_accordion_item title=\u00bb\u00bfQu\u00e9 pasa si necesito ayuda?\u00bb _builder_version=\u00bb4.27.4&#8243; _module_preset=\u00bbdefault\u00bb global_colors_info=\u00bb{}\u00bb toggle_text_color=\u00bb#000000&#8243; open=\u00bboff\u00bb]<\/p>\n<p data-start=\"3275\" data-end=\"3369\">Ten\u00e9s soporte t\u00e9cnico por WhatsApp, email y videollamada.<\/p>\n<p>[\/et_pb_accordion_item][\/et_pb_accordion][\/et_pb_column][\/et_pb_row][\/et_pb_section]<\/p>\n","protected":false},"excerpt":{"rendered":"<p>Conozca algunas de nuestras funcionalidades Compruebe algunas de las caracter\u00edsticas del Sistema Empresa y vea c\u00f3mo se puede ahorrar tiempo y entregar informes de intranet o internet ricas en minutos.A traves de una reuni\u00f3n provada responderemos todas tus preguntas referente a las capacidades del sistema y como puede ayudarte.Tu sistema de gesti\u00f3n integral en la nubeAutomatiz\u00e1 tus procesos, control\u00e1 tu negocio y acced\u00e9 desde cualquier lugar. El ERP m\u00e1s completo para empresas paraguayas.Todo lo que tu negocio necesita, en un solo sistemaTodo lo que tu negocio necesita, en un solo sistemaOrdenes a proveedores, control de gastos, cuentas por pagar, recepci\u00f3n de productos.Facturaci\u00f3n r\u00e1pida, remitos autom\u00e1ticos, gesti\u00f3n de cuentas por cobrar, historial de clientes. Control en tiempo real, alertas de stock m\u00ednimo, movimientos, c\u00f3digos de barras.Flujo de caja, bancos, conciliaciones, reportes financieros.Liquidaci\u00f3n de sueldos, legajos de personal, licencias, horas trabajadas.100% validado por SET Paraguay. Emit\u00ed tus facturas electr\u00f3nicas sin complicaciones. Sincronizaci\u00f3n autom\u00e1tica con tu tienda online. Stock, ventas y clientes siempre al d\u00eda.Informes din\u00e1micos, gr\u00e1ficos comparativos y an\u00e1lisis personalizados.Preguntas frecuentesS\u00ed, pod\u00e9s acceder desde cualquier navegador, tanto en PC como en celular o tablet.Solo conexi\u00f3n a internet. Todo est\u00e1 en la nube.S\u00ed, el sistema est\u00e1 validado por la SETTen\u00e9s soporte t\u00e9cnico por [&hellip;]<\/p>\n","protected":false},"author":1,"featured_media":0,"parent":0,"menu_order":0,"comment_status":"closed","ping_status":"closed","template":"","meta":{"_et_pb_use_builder":"on","_et_pb_old_content":"","_et_gb_content_width":"","footnotes":""},"class_list":["post-22","page","type-page","status-publish","hentry"],"_links":{"self":[{"href":"https:\/\/informateas.com.py\/index.php\/wp-json\/wp\/v2\/pages\/22","targetHints":{"allow":["GET"]}}],"collection":[{"href":"https:\/\/informateas.com.py\/index.php\/wp-json\/wp\/v2\/pages"}],"about":[{"href":"https:\/\/informateas.com.py\/index.php\/wp-json\/wp\/v2\/types\/page"}],"author":[{"embeddable":true,"href":"https:\/\/informateas.com.py\/index.php\/wp-json\/wp\/v2\/users\/1"}],"replies":[{"embeddable":true,"href":"https:\/\/informateas.com.py\/index.php\/wp-json\/wp\/v2\/comments?post=22"}],"version-history":[{"count":3,"href":"https:\/\/informateas.com.py\/index.php\/wp-json\/wp\/v2\/pages\/22\/revisions"}],"predecessor-version":[{"id":38,"href":"https:\/\/informateas.com.py\/index.php\/wp-json\/wp\/v2\/pages\/22\/revisions\/38"}],"wp:attachment":[{"href":"https:\/\/informateas.com.py\/index.php\/wp-json\/wp\/v2\/media?parent=22"}],"curies":[{"name":"wp","href":"https:\/\/api.w.org\/{rel}","templated":true}]}}